{"id":2,"date":"2016-12-06T15:55:55","date_gmt":"2016-12-06T15:55:55","guid":{"rendered":"http:\/\/tonitoivonen.net\/?page_id=2"},"modified":"2025-11-30T15:51:30","modified_gmt":"2025-11-30T15:51:30","slug":"sample-page","status":"publish","type":"page","link":"https:\/\/tonitoivonen.net\/","title":{"rendered":"T\u00e4rkeimmist\u00e4 tinkim\u00e4tt\u00e4!"},"content":{"rendered":"\n<figure class=\"wp-block-gallery has-nested-images columns-default is-cropped wp-block-gallery-1 is-layout-flex wp-block-gallery-is-layout-flex\"><\/figure>\n\n\n\n<p><\/p>\n\n\n\n<p class=\"has-medium-font-size\"><strong>Ty\u00f6 kaarinalaisten hyv\u00e4ksi jatkuu vuosina 2025-2028 Kaarinan kaupunginvaltuustossa ja teknisess\u00e4 lautakunnassa<\/strong>.<\/p>\n\n\n\n<p><strong>Jos sinulla on kysytt\u00e4v\u00e4\u00e4 tai ehdotuksia liittyen yhteisten asioiden hoitoon, ota yhteytt\u00e4.<\/strong> <strong>toni.toivonen(\u00e4t)gmail.com<\/strong> <strong>P. 040 563 6373<\/strong><\/p>\n\n\n\n<p><\/p>\n\n\n\n<hr class=\"wp-block-separator has-css-opacity\"\/>\n\n\n\n<blockquote><h2><strong>&#8221;Saamani palautteen perusteella minua ovat \u00e4\u00e4nest\u00e4neet hyvin monenlaiset ja erilaisista taustoista tulevat ihmiset yli puoluerajojen vasemmalta oikealle. P\u00e4\u00e4t\u00f6ksenteossa haluan edelleen toimia siten, ett\u00e4 kaupunkilaisen etu menee puolueiden ja muiden ryhmien edun edelle.&#8221;<\/strong><\/h2><\/blockquote>\n\n\n\n<figure class=\"wp-block-video\"><video autoplay controls loop preload=\"auto\" src=\"http:\/\/tonitoivonen.net\/wp-content\/uploads\/2021\/02\/kdbannerivideo.mp4\"><\/video><\/figure>\n\n\n\n<hr class=\"wp-block-separator has-css-opacity\"\/>\n\n\n\n<p><\/p>\n\n\n\n<p><\/p>\n","protected":false},"excerpt":{"rendered":"<p>Ty\u00f6 kaarinalaisten hyv\u00e4ksi jatkuu vuosina 2025-2028 Kaarinan kaupunginvaltuustossa ja teknisess\u00e4 lautakunnassa. Jos sinulla on kysytt\u00e4v\u00e4\u00e4 tai ehdotuksia liittyen yhteisten asioiden hoitoon, ota yhteytt\u00e4. toni.toivonen(\u00e4t)gmail.com P. 040 563 6373 &#8221;Saamani palautteen perusteella minua ovat \u00e4\u00e4nest\u00e4neet hyvin monenlaiset ja erilaisista taustoista tulevat &hellip; <a href=\"https:\/\/tonitoivonen.net\/\">Lue loppuun <span class=\"meta-nav\">&rarr;<\/span><\/a><\/p>\n","protected":false},"author":1,"featured_media":0,"parent":0,"menu_order":0,"comment_status":"closed","ping_status":"open","template":"","meta":{"_exactmetrics_skip_tracking":false,"_exactmetrics_sitenote_active":false,"_exactmetrics_sitenote_note":"","_exactmetrics_sitenote_category":0,"footnotes":""},"class_list":["post-2","page","type-page","status-publish","hentry"],"_links":{"self":[{"href":"https:\/\/tonitoivonen.net\/index.php?rest_route=\/wp\/v2\/pages\/2","targetHints":{"allow":["GET"]}}],"collection":[{"href":"https:\/\/tonitoivonen.net\/index.php?rest_route=\/wp\/v2\/pages"}],"about":[{"href":"https:\/\/tonitoivonen.net\/index.php?rest_route=\/wp\/v2\/types\/page"}],"author":[{"embeddable":true,"href":"https:\/\/tonitoivonen.net\/index.php?rest_route=\/wp\/v2\/users\/1"}],"replies":[{"embeddable":true,"href":"https:\/\/tonitoivonen.net\/index.php?rest_route=%2Fwp%2Fv2%2Fcomments&post=2"}],"version-history":[{"count":67,"href":"https:\/\/tonitoivonen.net\/index.php?rest_route=\/wp\/v2\/pages\/2\/revisions"}],"predecessor-version":[{"id":330,"href":"https:\/\/tonitoivonen.net\/index.php?rest_route=\/wp\/v2\/pages\/2\/revisions\/330"}],"wp:attachment":[{"href":"https:\/\/tonitoivonen.net\/index.php?rest_route=%2Fwp%2Fv2%2Fmedia&parent=2"}],"curies":[{"name":"wp","href":"https:\/\/api.w.org\/{rel}","templated":true}]}}