{"id":19,"date":"2017-03-02T19:10:29","date_gmt":"2017-03-02T19:10:29","guid":{"rendered":"http:\/\/tonitoivonen.net\/?page_id=19"},"modified":"2025-11-30T15:46:46","modified_gmt":"2025-11-30T15:46:46","slug":"esittely","status":"publish","type":"page","link":"https:\/\/tonitoivonen.net\/?page_id=19","title":{"rendered":"Esittely"},"content":{"rendered":"<p><img loading=\"lazy\" decoding=\"async\" class=\"alignleft wp-image-223 size-medium\" src=\"http:\/\/tonitoivonen.net\/wp-content\/uploads\/2021\/02\/TT3220-1-200x300.jpg\" alt=\"\" width=\"200\" height=\"300\" srcset=\"https:\/\/tonitoivonen.net\/wp-content\/uploads\/2021\/02\/TT3220-1-200x300.jpg 200w, https:\/\/tonitoivonen.net\/wp-content\/uploads\/2021\/02\/TT3220-1-683x1024.jpg 683w, https:\/\/tonitoivonen.net\/wp-content\/uploads\/2021\/02\/TT3220-1-768x1151.jpg 768w, https:\/\/tonitoivonen.net\/wp-content\/uploads\/2021\/02\/TT3220-1-1025x1536.jpg 1025w, https:\/\/tonitoivonen.net\/wp-content\/uploads\/2021\/02\/TT3220-1.jpg 1366w\" sizes=\"auto, (max-width: 200px) 100vw, 200px\" \/><\/p>\n<p>Olen 59-vuotias opettaja, p\u00e4\u00e4tt\u00e4j\u00e4 ja perheenis\u00e4 Kaarinasta. Perheeseeni kuuluu vaimoni lis\u00e4ksi kolme nuorta aikuista lastamme, joista nuorin on t\u00e4ll\u00e4 hetkell\u00e4 varusmiespalveluksessa<\/p>\n<p>Olen seitsem\u00e4tt\u00e4 kautta Kaarinan kaupunginvaltuuston j\u00e4sen. Taidan olla kokenein alle 60-vuotiaiden valtuutettujen sarjassa. Aiempina vuosina olen ollut my\u00f6s Kaarinan kaupunginhallituksen, kuten my\u00f6s Varsinais-Suomen maakuntavaltuuston j\u00e4sen. Lis\u00e4ksi olen toiminut pariin otteeseen kaupunginvaltuuston varapuheenjohtajistossa.<\/p>\n<p>Harrastan opiskelua ja liikuntaa. T\u00e4ll\u00e4 hetkell\u00e4 opiskelen espanjan kielt\u00e4 ja muutama vuosi sitten juoksin el\u00e4m\u00e4ni ensimm\u00e4isen puolimaratonin. Nuorempana pelasin kilpatasolla koripalloa. Milloin en ole kokouksissa tai seurakuntaympyr\u00f6iss\u00e4, minut l\u00f6yt\u00e4\u00e4 vaikkapa urheilutapatumien katsomosta tai toimitsijap\u00f6yd\u00e4n takaa. Kent\u00e4n ja kaukalon laidalla olen l\u00f6yt\u00e4nyt itsest\u00e4ni ihan uusia puolia&#8230;<\/p>\n<p>Olen ty\u00f6skennellyt luokanopettajana yli 30 vuotta ja tunnen koulumaailman hyvin. Omasta ty\u00f6st\u00e4 ja perhetilanteesta johtuen lapsiperheiden ja nuorten maailmaan liittyv\u00e4t asiat ovat tuttuja ja l\u00e4heisi\u00e4. Olen viime vuosina kiinnostunut entist\u00e4 enemm\u00e4n my\u00f6s ymp\u00e4rist\u00f6- ja kaavoitusasioista. <strong>T\u00e4ll\u00e4 vaalikaudella toimin kaupunginvaltuuston lis\u00e4ksi teknisen lautakunnan j\u00e4senen\u00e4.<\/strong><\/p>\n<p><strong>Saamani palautteen perusteella minua ovat \u00e4\u00e4nest\u00e4neet hyvin monenlaiset ja erilaisista taustoista tulevat ihmiset yli puoluerajojen vasemmalta oikealle. P\u00e4\u00e4t\u00f6ksenteossa haluan edelleen toimia siten, ett\u00e4 kaupunkilaisen etu menee puolueiden ja muiden ryhmien edun edelle. T\u00e4rkein puolueeni on Kaarina ja sen j\u00e4sen olet my\u00f6s sin\u00e4 &#8211; kaarinalainen.<\/strong><\/p>\n<blockquote>\n<p><strong>Toni on kokenut ja ahkera vaikuttaja \u2013 arvot ja syd\u00e4n paikallaan. <\/strong><\/p>\n<p><strong>&#8211; Sari Essayah, pj. KD<\/strong><\/p><\/blockquote>\n","protected":false},"excerpt":{"rendered":"<p>Olen 59-vuotias opettaja, p\u00e4\u00e4tt\u00e4j\u00e4 ja perheenis\u00e4 Kaarinasta. Perheeseeni kuuluu vaimoni lis\u00e4ksi kolme nuorta aikuista lastamme, joista nuorin on t\u00e4ll\u00e4 hetkell\u00e4 varusmiespalveluksessa Olen seitsem\u00e4tt\u00e4 kautta Kaarinan kaupunginvaltuuston j\u00e4sen. Taidan olla kokenein alle 60-vuotiaiden valtuutettujen sarjassa. Aiempina vuosina olen ollut my\u00f6s Kaarinan &hellip; <a href=\"https:\/\/tonitoivonen.net\/?page_id=19\">Lue loppuun <span class=\"meta-nav\">&rarr;<\/span><\/a><\/p>\n","protected":false},"author":1,"featured_media":0,"parent":0,"menu_order":0,"comment_status":"closed","ping_status":"closed","template":"","meta":{"_exactmetrics_skip_tracking":false,"_exactmetrics_sitenote_active":false,"_exactmetrics_sitenote_note":"","_exactmetrics_sitenote_category":0,"footnotes":""},"class_list":["post-19","page","type-page","status-publish","hentry"],"_links":{"self":[{"href":"https:\/\/tonitoivonen.net\/index.php?rest_route=\/wp\/v2\/pages\/19","targetHints":{"allow":["GET"]}}],"collection":[{"href":"https:\/\/tonitoivonen.net\/index.php?rest_route=\/wp\/v2\/pages"}],"about":[{"href":"https:\/\/tonitoivonen.net\/index.php?rest_route=\/wp\/v2\/types\/page"}],"author":[{"embeddable":true,"href":"https:\/\/tonitoivonen.net\/index.php?rest_route=\/wp\/v2\/users\/1"}],"replies":[{"embeddable":true,"href":"https:\/\/tonitoivonen.net\/index.php?rest_route=%2Fwp%2Fv2%2Fcomments&post=19"}],"version-history":[{"count":29,"href":"https:\/\/tonitoivonen.net\/index.php?rest_route=\/wp\/v2\/pages\/19\/revisions"}],"predecessor-version":[{"id":328,"href":"https:\/\/tonitoivonen.net\/index.php?rest_route=\/wp\/v2\/pages\/19\/revisions\/328"}],"wp:attachment":[{"href":"https:\/\/tonitoivonen.net\/index.php?rest_route=%2Fwp%2Fv2%2Fmedia&parent=19"}],"curies":[{"name":"wp","href":"https:\/\/api.w.org\/{rel}","templated":true}]}}